{"id":2,"date":"2022-06-08T16:15:41","date_gmt":"2022-06-08T14:15:41","guid":{"rendered":"http:\/\/villamarys.pl\/?page_id=2"},"modified":"2022-06-08T17:14:29","modified_gmt":"2022-06-08T15:14:29","slug":"przykladowa-strona","status":"publish","type":"page","link":"https:\/\/villamarys.pl\/","title":{"rendered":"HOME"},"content":{"rendered":"\n<p>\u201dVilla Mary\u015b\u201d 05-820 Piast\u00f3w ul.Dworcowa 67 tel: 602-599-688 email: villamarys1@gmail.com Oferuje swoim go\u015bciom tanie przytulne pokoje tu\u017c pod Warszaw\u0105. Posiadamy pokoje 1,2 i 3 osobowe. Do \u015bcis\u0142ego centrum Stolicy dzieli nas zaledwie 10 km. doskona\u0142y dojazd do lotniska Fryderyka Chopina .Pomie\u015bcimy 50 os\u00f3b dlatego zapraszamy grupy zorganizowane jak i mniejsze i wi\u0119ksze firmy oraz osoby prywatne. Wszystkie pokoje posiadaj\u0105 \u0142azienk\u0119 z prysznicem i maj\u0105 dost\u0119p do internetu WiFi. Na ka\u017cdym z pi\u0119ter znajduje si\u0119 aneks kuchenny w pe\u0142ni wyposa\u017cony lod\u00f3wka,kuchnia gazowa, kuchenka mikrofalowa,czajnik ,sztu\u0107ce i naczynia do dyspozycji naszych go\u015bci. Wynajmujemy sale na konferencje ,imprezy ,bankiety,szkolenia dla firm, sala wyposa\u017cona w ekran projekcyjny.<\/p>\n","protected":false},"excerpt":{"rendered":"<p>\u201dVilla Mary\u015b\u201d 05-820 Piast\u00f3w ul.Dworcowa 67 tel: 602-599-688 email: villamarys1@gmail.com Oferuje swoim go\u015bciom tanie przytulne pokoje tu\u017c pod Warszaw\u0105. Posiadamy pokoje 1,2 i 3 osobowe. Do \u015bcis\u0142ego centrum Stolicy dzieli nas zaledwie 10 km. doskona\u0142y dojazd do lotniska Fryderyka Chopina .Pomie\u015bcimy 50 os\u00f3b dlatego zapraszamy grupy zorganizowane jak i mniejsze&#8230;<\/p>\n","protected":false},"author":1,"featured_media":0,"parent":0,"menu_order":0,"comment_status":"closed","ping_status":"open","template":"","meta":{"footnotes":""},"class_list":["post-2","page","type-page","status-publish","hentry"],"yoast_head":"<!-- This site is optimized with the Yoast SEO plugin v19.0 - https:\/\/yoast.com\/wordpress\/plugins\/seo\/ -->\n<title>HOME - VILLA MARY\u015a<\/title>\n<meta name=\"robots\" content=\"index, follow, max-snippet:-1, max-image-preview:large, max-video-preview:-1\" \/>\n<link rel=\"canonical\" href=\"https:\/\/villamarys.pl\/\" \/>\n<meta property=\"og:locale\" content=\"pl_PL\" \/>\n<meta property=\"og:type\" content=\"article\" \/>\n<meta property=\"og:title\" content=\"HOME - VILLA MARY\u015a\" \/>\n<meta property=\"og:description\" content=\"\u201dVilla Mary\u015b\u201d 05-820 Piast\u00f3w ul.Dworcowa 67 tel: 602-599-688 email: villamarys1@gmail.com Oferuje swoim go\u015bciom tanie przytulne pokoje tu\u017c pod Warszaw\u0105. Posiadamy pokoje 1,2 i 3 osobowe. Do \u015bcis\u0142ego centrum Stolicy dzieli nas zaledwie 10 km. doskona\u0142y dojazd do lotniska Fryderyka Chopina .Pomie\u015bcimy 50 os\u00f3b dlatego zapraszamy grupy zorganizowane jak i mniejsze...\" \/>\n<meta property=\"og:url\" content=\"https:\/\/villamarys.pl\/\" \/>\n<meta property=\"og:site_name\" content=\"VILLA MARY\u015a\" \/>\n<meta property=\"article:modified_time\" content=\"2022-06-08T15:14:29+00:00\" \/>\n<meta name=\"twitter:card\" content=\"summary_large_image\" \/>\n<meta name=\"twitter:label1\" content=\"Szacowany czas czytania\" \/>\n\t<meta name=\"twitter:data1\" content=\"1 minuta\" \/>\n<script type=\"application\/ld+json\" class=\"yoast-schema-graph\">{\"@context\":\"https:\/\/schema.org\",\"@graph\":[{\"@type\":\"WebSite\",\"@id\":\"https:\/\/villamarys.pl\/#website\",\"url\":\"https:\/\/villamarys.pl\/\",\"name\":\"VILLA MARY\u015a\",\"description\":\"05-820 Piast\u00f3w ul.Dworcowa 67\",\"potentialAction\":[{\"@type\":\"SearchAction\",\"target\":{\"@type\":\"EntryPoint\",\"urlTemplate\":\"https:\/\/villamarys.pl\/?s={search_term_string}\"},\"query-input\":\"required name=search_term_string\"}],\"inLanguage\":\"pl-PL\"},{\"@type\":\"WebPage\",\"@id\":\"https:\/\/villamarys.pl\/#webpage\",\"url\":\"https:\/\/villamarys.pl\/\",\"name\":\"HOME - VILLA MARY\u015a\",\"isPartOf\":{\"@id\":\"https:\/\/villamarys.pl\/#website\"},\"datePublished\":\"2022-06-08T14:15:41+00:00\",\"dateModified\":\"2022-06-08T15:14:29+00:00\",\"breadcrumb\":{\"@id\":\"https:\/\/villamarys.pl\/#breadcrumb\"},\"inLanguage\":\"pl-PL\",\"potentialAction\":[{\"@type\":\"ReadAction\",\"target\":[\"https:\/\/villamarys.pl\/\"]}]},{\"@type\":\"BreadcrumbList\",\"@id\":\"https:\/\/villamarys.pl\/#breadcrumb\",\"itemListElement\":[{\"@type\":\"ListItem\",\"position\":1,\"name\":\"Home\",\"item\":\"https:\/\/villamarys.pl\/\"},{\"@type\":\"ListItem\",\"position\":2,\"name\":\"HOME\"}]}]}<\/script>\n<!-- \/ Yoast SEO plugin. -->","yoast_head_json":{"title":"HOME - VILLA MARY\u015a","robots":{"index":"index","follow":"follow","max-snippet":"max-snippet:-1","max-image-preview":"max-image-preview:large","max-video-preview":"max-video-preview:-1"},"canonical":"https:\/\/villamarys.pl\/","og_locale":"pl_PL","og_type":"article","og_title":"HOME - VILLA MARY\u015a","og_description":"\u201dVilla Mary\u015b\u201d 05-820 Piast\u00f3w ul.Dworcowa 67 tel: 602-599-688 email: villamarys1@gmail.com Oferuje swoim go\u015bciom tanie przytulne pokoje tu\u017c pod Warszaw\u0105. Posiadamy pokoje 1,2 i 3 osobowe. Do \u015bcis\u0142ego centrum Stolicy dzieli nas zaledwie 10 km. doskona\u0142y dojazd do lotniska Fryderyka Chopina .Pomie\u015bcimy 50 os\u00f3b dlatego zapraszamy grupy zorganizowane jak i mniejsze...","og_url":"https:\/\/villamarys.pl\/","og_site_name":"VILLA MARY\u015a","article_modified_time":"2022-06-08T15:14:29+00:00","twitter_card":"summary_large_image","twitter_misc":{"Szacowany czas czytania":"1 minuta"},"schema":{"@context":"https:\/\/schema.org","@graph":[{"@type":"WebSite","@id":"https:\/\/villamarys.pl\/#website","url":"https:\/\/villamarys.pl\/","name":"VILLA MARY\u015a","description":"05-820 Piast\u00f3w ul.Dworcowa 67","potentialAction":[{"@type":"SearchAction","target":{"@type":"EntryPoint","urlTemplate":"https:\/\/villamarys.pl\/?s={search_term_string}"},"query-input":"required name=search_term_string"}],"inLanguage":"pl-PL"},{"@type":"WebPage","@id":"https:\/\/villamarys.pl\/#webpage","url":"https:\/\/villamarys.pl\/","name":"HOME - VILLA MARY\u015a","isPartOf":{"@id":"https:\/\/villamarys.pl\/#website"},"datePublished":"2022-06-08T14:15:41+00:00","dateModified":"2022-06-08T15:14:29+00:00","breadcrumb":{"@id":"https:\/\/villamarys.pl\/#breadcrumb"},"inLanguage":"pl-PL","potentialAction":[{"@type":"ReadAction","target":["https:\/\/villamarys.pl\/"]}]},{"@type":"BreadcrumbList","@id":"https:\/\/villamarys.pl\/#breadcrumb","itemListElement":[{"@type":"ListItem","position":1,"name":"Home","item":"https:\/\/villamarys.pl\/"},{"@type":"ListItem","position":2,"name":"HOME"}]}]}},"_links":{"self":[{"href":"https:\/\/villamarys.pl\/index.php?rest_route=\/wp\/v2\/pages\/2","targetHints":{"allow":["GET"]}}],"collection":[{"href":"https:\/\/villamarys.pl\/index.php?rest_route=\/wp\/v2\/pages"}],"about":[{"href":"https:\/\/villamarys.pl\/index.php?rest_route=\/wp\/v2\/types\/page"}],"author":[{"embeddable":true,"href":"https:\/\/villamarys.pl\/index.php?rest_route=\/wp\/v2\/users\/1"}],"replies":[{"embeddable":true,"href":"https:\/\/villamarys.pl\/index.php?rest_route=%2Fwp%2Fv2%2Fcomments&post=2"}],"version-history":[{"count":5,"href":"https:\/\/villamarys.pl\/index.php?rest_route=\/wp\/v2\/pages\/2\/revisions"}],"predecessor-version":[{"id":38,"href":"https:\/\/villamarys.pl\/index.php?rest_route=\/wp\/v2\/pages\/2\/revisions\/38"}],"wp:attachment":[{"href":"https:\/\/villamarys.pl\/index.php?rest_route=%2Fwp%2Fv2%2Fmedia&parent=2"}],"curies":[{"name":"wp","href":"https:\/\/api.w.org\/{rel}","templated":true}]}}